{"id":72,"date":"2021-07-16T22:37:32","date_gmt":"2021-07-16T20:37:32","guid":{"rendered":"https:\/\/daltonapp.com\/?page_id=72"},"modified":"2023-07-25T17:14:44","modified_gmt":"2023-07-25T15:14:44","slug":"one-page-express","status":"publish","type":"page","link":"https:\/\/daltonapp.com\/","title":{"rendered":"Front Page"},"content":{"rendered":"<div  id=\"overlapable-2\" style=\"background-color: rgb(255, 255, 255);\" data-label=\"Overlapable\" data-id=\"stripped-coloured-icon-boxes\" data-category=\"overlapable\" class=\"features-coloured-icon-boxes-section\" data-overlap=\"true\"> <div  class=\"gridContainer\"> <div  class=\"features-coloured-icon-boxes-innerrow flexbox-list dark-text\" data-type=\"row\"> <div  class=\"features-coloured-icon-boxes-featurecol cp3cols\"> <div  class=\"features-coloured-icon-boxes-iconcontainer\" data-content-item-container=\"true\"> <i  data-cp-fa=\"true\" class=\"features-coloured-icon fa fa-lightbulb-o\"><\/i> <\/div> <h4  class=\"\">#DaltonDifference<\/h4><p  class=\"\">Die DaltonAPP unterst\u00fctzt bei der digitalen Umsetzung des Dalton Laboratory Plans von Helen Parkhurst in Ihrer Bildungseinrichtung.<\/p>  <a  class=\"features-coloured-button\" href=\"#\">LEARN MORE<\/a> <\/div> <div  class=\"features-coloured-icon-boxes-featurecol cp3cols\"> <div  class=\"features-coloured-icon-boxes-iconcontainer\" data-content-item-container=\"true\"> <i  data-cp-fa=\"true\" class=\"features-coloured-icon fa fa-align-justify\"><\/i> <\/div> <h4  class=\"\">Wochenpl\u00e4ne<\/h4> <p  class=\"\">Die Lehrer*innen erfassen ihre Wochenpl\u00e4ne online, die Pl\u00e4ne k\u00f6nnen geteilt und \u00fcbernommen werden. <\/p> <a  class=\"features-coloured-button\" href=\"#\">LEARN MORE<\/a> <\/div> <div  class=\"features-coloured-icon-boxes-featurecol cp3cols\"> <div  class=\"features-coloured-icon-boxes-iconcontainer\" data-content-item-container=\"true\"> <i  data-cp-fa=\"true\" class=\"features-coloured-icon fa fa-calendar-check-o\"><\/i> <\/div> <h4  class=\"\">Stundenwahl<\/h4> <p  class=\"\">Die Sch\u00fcler*innen buchen online ihre Dalton-Stunden, um sicher einen Platz bei einer Lehrkraft bzw. in einem Raum zu bekommen. <\/p> <a  class=\"features-coloured-button\" href=\"#\">LEARN MORE<\/a> <\/div>  <\/div> <\/div><\/div><div  data-label=\"Features\" data-id=\"features-small-icon-cards-section\" data-category=\"features\" class=\"features-small-icon-cards-section\" id=\"features-5\" style=\"background-color: rgb(246, 246, 246);\"> <div  class=\"gridContainer\"> <div  class=\"features-small-icon-cards-textrow\"> <div  class=\"features-small-icon-cards-textcol dynamic-color\" data-type=\"column\"> <h2  class=\"\">Was leistet die DaltonAPP?<\/h2> <p  class=\"\">Die DaltonAPP ist eine Online-Software, die die Implementation des Dalton Plans optimal unterst\u00fctzen kann. Es gibt Bereiche f\u00fcr Verwaltung, Lehrer*innen, Sch\u00fcler*innen und Eltern.<\/p> <\/div> <\/div> <div  class=\"features-small-icon-cards-featuresrow dark-text\" data-type=\"row\"> <div  class=\"features-small-icon-cards-featcol\"> <div  class=\"features-small-icon-cards-featinnerrow\"> <div  class=\"features-small-icon-cards-iconcol\"> <i  data-cp-fa=\"true\" class=\"font-icon-23 fa fa-bolt\"><\/i> <\/div> <div  class=\"features-small-icon-cards-feattextcol\" data-type=\"column\"> <h4  class=\"\">Wochenpl\u00e4ne<\/h4> <p  class=\"\">Die Wochenpl\u00e4ne werden online erfasst und stehen so den Sch\u00fcler*innen nach Freigabe digital bereit.<\/p> <\/div> <\/div> <\/div> <div  class=\"features-small-icon-cards-featcol\"> <div  class=\"features-small-icon-cards-featinnerrow\"> <div  class=\"features-small-icon-cards-iconcol\"> <i  data-cp-fa=\"true\" class=\"font-icon-23 fa fa-signal\"><\/i> <\/div> <div  class=\"features-small-icon-cards-feattextcol\" data-type=\"column\"> <h4  class=\"\">Stundenwahl<\/h4> <p  class=\"\">Die Sch\u00fcler*innen k\u00f6nnen w\u00f6chentlich online ihre Dalton-Stunden via DaltonAPP w\u00e4hlen.<\/p> <\/div> <\/div> <\/div> <div  class=\"features-small-icon-cards-featcol\"> <div  class=\"features-small-icon-cards-featinnerrow\"> <div  class=\"features-small-icon-cards-iconcol\"> <i  data-cp-fa=\"true\" class=\"font-icon-23 fa fa-pie-chart\"><\/i> <\/div> <div  class=\"features-small-icon-cards-feattextcol\" data-type=\"column\"> <h4  class=\"\">Zusammenarbeit<\/h4> <p  class=\"\">Lehrer*innen k\u00f6nnen eigene Wochenpl\u00e4ne freigeben sowie Wochenpl\u00e4ne anderer Kolleg*innen \u00fcbernehmen.<\/p> <\/div> <\/div> <\/div> <div  class=\"features-small-icon-cards-featcol\"> <div  class=\"features-small-icon-cards-featinnerrow\"> <div  class=\"features-small-icon-cards-iconcol\"> <i  data-cp-fa=\"true\" class=\"font-icon-23 fa fa-cogs\"><\/i> <\/div> <div  class=\"features-small-icon-cards-feattextcol\" data-type=\"column\"> <h4  class=\"\">Arbeits-Fortschritt<\/h4> <p  class=\"\">Die Sch\u00fcler*innen k\u00f6nnen sich f\u00fcr jeden Wochenplan ihren Arbeitsfortschritt markieren.<\/p> <\/div> <\/div> <\/div> <div  class=\"features-small-icon-cards-featcol\"> <div  class=\"features-small-icon-cards-featinnerrow\"> <div  class=\"features-small-icon-cards-iconcol\"> <i  data-cp-fa=\"true\" class=\"font-icon-23 fa fa-rocket\"><\/i> <\/div> <div  class=\"features-small-icon-cards-feattextcol\" data-type=\"column\"> <h4  class=\"\">Wochenplan-Entwurfsmodus<\/h4> <p  class=\"\">Lehrer*innen k\u00f6nnen unabh\u00e4ngig der tats\u00e4chlichen LFV Wochenpl\u00e4ne als Entw\u00fcrfe vorab anlegen und jederzeit in den tats\u00e4chlichen Wochenplan \u00fcbernehmen.<\/p> <\/div> <\/div> <\/div> <div  class=\"features-small-icon-cards-featcol\"> <div  class=\"features-small-icon-cards-featinnerrow\"> <div  class=\"features-small-icon-cards-iconcol\"> <i  data-cp-fa=\"true\" class=\"font-icon-23 fa fa-calendar\"><\/i> <\/div> <div  class=\"features-small-icon-cards-feattextcol\" data-type=\"column\"> <h4  class=\"\">Elternzugang<\/h4> <p  class=\"\">Eltern haben f\u00fcr ihr Kind\/ihre Kinder ein einfaches Dashboard, um auf Wochenpl\u00e4ne und Stundenwahl zugreifen zu k\u00f6nnen.<\/p> <\/div> <\/div> <\/div> <div  class=\"features-small-icon-cards-featcol\"> <div  class=\"features-small-icon-cards-featinnerrow\"> <div  class=\"features-small-icon-cards-iconcol\"> <i  data-cp-fa=\"true\" class=\"font-icon-23 fa fa-bolt\"><\/i> <\/div> <div  class=\"features-small-icon-cards-feattextcol\" data-type=\"column\"> <h4  class=\"\">Administration<\/h4> <p  class=\"\">Volle Benutzerverwaltung, Erstellen der Dalton-Stunden Vorlagen, Wahl-Einstellungen, Raumverwaltung, Vertretungsplanung unv,.<\/p> <\/div> <\/div> <\/div><\/div> <\/div><\/div><div  id=\"about-1\" style=\"background-color: #f6f6f6;\" data-label=\"About\" data-id=\"about-big-images-section\" data-category=\"about\" class=\"about-big-images-section\"> <div  class=\"gridContainer\"> <div  class=\"about-big-images-textrow\"> <div  class=\"about-big-images-textcol dynamic-color\" data-type=\"column\"> <h5  class=\"\">BG BRG Gmunden am Traunsee im Salzkammergut<\/h5> <h3  class=\"\">Das Original der DaltonAPP entsteht seit 2020&nbsp; am BG BRG Gmunden im Rahmen der Einf\u00fchrung des Dalton Plans.<\/h3> <p  class=\"\">Die technische Implementation der DaltonAPP f\u00fchrt das studio.29.ohlsdorf durch. Mag. Dr. Stefan Krejci ist selbst Professor f\u00fcr Mathematik, Physik und Informatik am BG BRG Gmunden und verf\u00fcgt demgem\u00e4\u00df \u00fcber den entsprechenden didaktischen und p\u00e4dagogischen Hintergrund. <\/p> <a  class=\"button blue big\" href=\"#\">GET STARTED NOW<\/a> <\/div> <\/div> <\/div> <div  class=\"about-big-images-bottomrow\"> <div  class=\"about-big-images-leftimgcol\"><img  class=\"about-big-images-leftimg\" src=\"https:\/\/daltonapp.com\/wp-content\/uploads\/2021\/07\/2021-07-21-22_29_31-SOLApp.png\" alt=\"\"> <\/div> <div  class=\"about-big-images-centerimgcol\"><img  class=\"about-big-images-centerimg\" src=\"https:\/\/daltonapp.com\/wp-content\/uploads\/2021\/07\/lovetolearn.jpg\" alt=\"\"> <\/div> <div  class=\"about-big-images-rightimgcol\"><img  class=\"about-big-images-rightimg\" src=\"https:\/\/daltonapp.com\/wp-content\/uploads\/2021\/07\/2021-07-21-22_31_18-SOLApp.png\" alt=\"\"> <\/div> <\/div> <\/div><div  id=\"cta-1\" data-label=\"Call to action\" data-id=\"cta-blue-section\" data-category=\"cta\" class=\"cta-blue-section\"> <div  class=\"gridContainer\"> <div  class=\"flexbox-list flexbox-list-align-center row\"> <div  class=\"cta-blue-textcol dynamic-color\"> <h2  class=\"cta-blue-text\"> <b  class=\"element2\">Probieren Sie es aus! <\/b><\/h2> <\/div> <div  class=\"cta-blue-btncol\"> <a class=\"button big yellow dark-text\" href=\"#\" target=\"_self\" rel=\"noopener\"> DaltonAPP Tour <\/a> <\/div> <\/div> <\/div> <\/div><div  id=\"numbers\" data-label=\"Numbers\" data-id=\"numbers-section\" data-category=\"numbers\" data-bg=\"transparent\" class=\"numbers-section\" data-parallax-depth=\"20\"> <div  class=\"dynamic-color gridContainer\"> <div  class=\"numbers-itemcol\"> <h2  class=\"numbers-numbertext\">1<\/h2> <h3  class=\"numbers-titletext\">PROJECT<\/h3> <\/div> <div  class=\"numbers-itemcol\"> <h2  class=\"numbers-numbertext\">973<\/h2> <h3  class=\"numbers-titletext\">WORKED HOURS<\/h3> <\/div> <div  class=\"numbers-itemcol-last\"> <h2  class=\"numbers-numbertext\">1<\/h2> <h3  class=\"numbers-titletext\">EMPLOYEE<\/h3> <\/div> <\/div><\/div><div  data-label=\"Team\" data-id=\"team-colors-section\" data-category=\"team\" class=\"team-colors-section\" id=\"team-1\" style=\"background-color: rgb(255, 255, 255);\"> <div  class=\"gridContainer\"> <div  class=\"team-colors-textcol dynamic-color\"> <h2 >Das Team<\/h2> <p  class=\"\"><\/p> <\/div> <div  class=\"team-colors-membersrow dark-text\" data-type=\"row\">  <div  class=\"team-colors-membercol cp6cols-tablet cp6cols\"> <div  class=\"team-colors-membercard\"> <div  class=\"team-colors-background\"><\/div> <div  class=\"team-colors-memberinfo\" data-type=\"column\"><img  class=\"team-colors-memberimg\" data-size=\"500x500\" src=\"https:\/\/daltonapp.com\/wp-content\/uploads\/2021\/07\/cropped-f1.jpg\" alt=\"\"> <h4  class=\"team-colors-membername\">Mag. Dr. Stefan Krejci<\/h4> <p  class=\"team-colors-memberposition\">Lehrer, Programmierung<\/p> <p  class=\"\">Lorem ipsum dolor sit amet, consectetur adipisicing elit, sed do eiusmod tempor incididunt.<\/p> <hr  class=\"team-colors-separator\"> <\/div> <div  class=\"team-colors-membericons\" data-type=\"group\"> <a href=\"#\" target=\"_self\" data-reiki-hidden=\"true\" rel=\"noopener\"><i  data-cp-fa=\"true\" class=\"team-colors-icon fa fa-linkedin\"><\/i><\/a> <a href=\"#\" target=\"_self\" data-reiki-hidden=\"true\" rel=\"noopener\"><i  data-cp-fa=\"true\" class=\"fa team-colors-icon fa-twitter\"><\/i><\/a> <a href=\"#\" target=\"_self\" data-reiki-hidden=\"true\" rel=\"noopener\"><i  data-cp-fa=\"true\" class=\"fa team-colors-icon fa-dribbble\"><\/i><\/a> <\/div> <\/div> <\/div>   <\/div> <\/div><\/div>","protected":false},"excerpt":{"rendered":"<p>#DaltonDifferenceDie DaltonAPP unterst\u00fctzt bei der digitalen Umsetzung des Dalton Laboratory Plans von Helen Parkhurst in Ihrer Bildungseinrichtung. LEARN MORE Wochenpl\u00e4ne Die Lehrer*innen erfassen ihre Wochenpl\u00e4ne online, die Pl\u00e4ne k\u00f6nnen geteilt und \u00fcbernommen werden. LEARN MORE Stundenwahl Die Sch\u00fcler*innen buchen online ihre Dalton-Stunden, um sicher einen Platz bei einer Lehrkraft bzw. in einem Raum zu bekommen.&hellip; <br \/> <a class=\"button small blue\" href=\"https:\/\/daltonapp.com\/\">Weiterlesen<\/a><\/p>\n","protected":false},"author":1,"featured_media":0,"parent":0,"menu_order":0,"comment_status":"closed","ping_status":"closed","template":"","meta":{"spay_email":""},"_links":{"self":[{"href":"https:\/\/daltonapp.com\/index.php?rest_route=\/wp\/v2\/pages\/72"}],"collection":[{"href":"https:\/\/daltonapp.com\/index.php?rest_route=\/wp\/v2\/pages"}],"about":[{"href":"https:\/\/daltonapp.com\/index.php?rest_route=\/wp\/v2\/types\/page"}],"author":[{"embeddable":true,"href":"https:\/\/daltonapp.com\/index.php?rest_route=\/wp\/v2\/users\/1"}],"replies":[{"embeddable":true,"href":"https:\/\/daltonapp.com\/index.php?rest_route=%2Fwp%2Fv2%2Fcomments&post=72"}],"version-history":[{"count":27,"href":"https:\/\/daltonapp.com\/index.php?rest_route=\/wp\/v2\/pages\/72\/revisions"}],"predecessor-version":[{"id":273,"href":"https:\/\/daltonapp.com\/index.php?rest_route=\/wp\/v2\/pages\/72\/revisions\/273"}],"wp:attachment":[{"href":"https:\/\/daltonapp.com\/index.php?rest_route=%2Fwp%2Fv2%2Fmedia&parent=72"}],"curies":[{"name":"wp","href":"https:\/\/api.w.org\/{rel}","templated":true}]}}